{"id":3647,"date":"2021-06-25T07:16:10","date_gmt":"2021-06-25T04:16:10","guid":{"rendered":"https:\/\/kamperen.qodeinteractive.com\/?page_id=3647"},"modified":"2023-04-20T10:15:02","modified_gmt":"2023-04-20T07:15:02","slug":"blogs","status":"publish","type":"page","link":"https:\/\/riversidecamping.lv\/lv\/blogs\/","title":{"rendered":"Blogs"},"content":{"rendered":"\t\t<div data-elementor-type=\"wp-page\" data-elementor-id=\"3647\" class=\"elementor elementor-3647\">\n\t\t\t\t\t\t\t\t\t<section class=\"elementor-section elementor-top-section elementor-element elementor-element-72477a0 elementor-section-boxed elementor-section-height-default elementor-section-height-default qodef-elementor-content-no\" data-id=\"72477a0\" data-element_type=\"section\">\n\t\t\t\t\t\t<div class=\"elementor-container elementor-column-gap-default\">\n\t\t\t\t\t<div class=\"elementor-column elementor-col-100 elementor-top-column elementor-element elementor-element-c6ce3e1\" data-id=\"c6ce3e1\" data-element_type=\"column\">\n\t\t\t<div class=\"elementor-widget-wrap elementor-element-populated\">\n\t\t\t\t\t\t\t\t<div class=\"elementor-element elementor-element-69ba49b elementor-widget elementor-widget-kamperen_core_blog_list\" data-id=\"69ba49b\" data-element_type=\"widget\" data-widget_type=\"kamperen_core_blog_list.default\">\n\t\t\t\t<div class=\"elementor-widget-container\">\n\t\t\t<div class=\"qodef-shortcode qodef-m  qodef-blog qodef-item-layout--metro qodef-grid qodef-layout--columns  qodef-gutter--normal qodef-col-num--1 qodef-item-layout--metro qodef-pagination--on qodef-pagination-type--standard qodef-responsive--predefined\" data-options=\"{&quot;plugin&quot;:&quot;kamperen_core&quot;,&quot;module&quot;:&quot;blog\\\/shortcodes&quot;,&quot;shortcode&quot;:&quot;blog-list&quot;,&quot;post_type&quot;:&quot;post&quot;,&quot;next_page&quot;:&quot;2&quot;,&quot;max_pages_num&quot;:1,&quot;behavior&quot;:&quot;columns&quot;,&quot;images_proportion&quot;:&quot;custom&quot;,&quot;custom_image_width&quot;:&quot;550&quot;,&quot;columns&quot;:&quot;1&quot;,&quot;columns_responsive&quot;:&quot;predefined&quot;,&quot;space&quot;:&quot;normal&quot;,&quot;posts_per_page&quot;:&quot;6&quot;,&quot;orderby&quot;:&quot;date&quot;,&quot;order&quot;:&quot;ASC&quot;,&quot;additional_params&quot;:&quot;tax&quot;,&quot;tax&quot;:&quot;category&quot;,&quot;layout&quot;:&quot;metro&quot;,&quot;title_tag&quot;:&quot;h2&quot;,&quot;excerpt_length&quot;:&quot;300&quot;,&quot;pagination_type&quot;:&quot;standard&quot;,&quot;object_class_name&quot;:&quot;KamperenCore_Blog_List_Shortcode&quot;,&quot;taxonomy_filter&quot;:&quot;category&quot;,&quot;space_value&quot;:15}\">\n\t\t<div class=\"qodef-grid-inner clear\">\n\t\t<article class=\"qodef-e qodef-blog-item qodef-grid-item qodef-item--custom post-11995 post type-post status-publish format-standard has-post-thumbnail hentry category-uncategorized-lv\">\n\t<div class=\"qodef-e-inner\">\n\t\t<div class=\"qodef-e-media\">\n\t\t<div class=\"qodef-e-media-image\">\n\t\t<a itemprop=\"url\" href=\"https:\/\/riversidecamping.lv\/lv\/nomas-preces\/\">\n\t\t\t<img width=\"1024\" height=\"512\" src=\"https:\/\/riversidecamping.lv\/wp-content\/uploads\/2023\/12\/IMG-20231010-WA0142-rotated.jpg\" class=\"attachment-custom size-custom wp-post-image\" alt=\"\" decoding=\"async\" srcset=\"https:\/\/riversidecamping.lv\/wp-content\/uploads\/2023\/12\/IMG-20231010-WA0142-rotated.jpg 1024w, https:\/\/riversidecamping.lv\/wp-content\/uploads\/2023\/12\/IMG-20231010-WA0142-300x150.jpg 300w, https:\/\/riversidecamping.lv\/wp-content\/uploads\/2023\/12\/IMG-20231010-WA0142-768x384.jpg 768w, https:\/\/riversidecamping.lv\/wp-content\/uploads\/2023\/12\/IMG-20231010-WA0142-600x300.jpg 600w\" sizes=\"(max-width: 1024px) 100vw, 1024px\" \/>\t\t<\/a>\n\t<\/div>\n\t\n\t\n<a itemprop=\"dateCreated\" href=\"https:\/\/riversidecamping.lv\/lv\/2022\/12\/\" class=\"qodef-image-date entry-date \">\n\t\t\t<span class=\"qodef-date-day\">11<\/span>\n\t\t<span class=\"qodef-date-month\">Dec<\/span>\n\t<\/a>\n<div class=\"qodef-info-separator-end\"><\/div>\n<\/div>\n\t\t<div class=\"qodef-e-content\">\n\t\t\t<div class=\"qodef-e-top-holder\">\n\t\t\t\t<div class=\"qodef-e-info\">\n\t\t\t\t\t<a href=\"https:\/\/riversidecamping.lv\/lv\/category\/uncategorized-lv\/\" rel=\"tag\">Uncategorized @lv<\/a><div class=\"qodef-info-separator-end\"><\/div><a itemprop=\"author\" href=\"https:\/\/riversidecamping.lv\/lv\/author\/mg\/\" class=\"qodef-e-info-author\">\n\t<span class=\"qodef-e-info-author-label\">by<\/span>\n\t<span class=\"qodef-e-info-author-link\">mg<\/span>\n<\/a><div class=\"qodef-info-separator-end\"><\/div>\n\t\t\t\t<\/div>\n\t\t\t<\/div>\n\t\t\t<div class=\"qodef-e-text\">\n\t\t\t\t<h2 itemprop=\"name\" class=\"qodef-e-title entry-title\" >\n\t<a itemprop=\"url\" class=\"qodef-e-title-link\" href=\"https:\/\/riversidecamping.lv\/lv\/nomas-preces\/\">\n\t\tNomas preces\t<\/a>\n<\/h2>\n\t\t<p itemprop=\"description\" class=\"qodef-e-excerpt\">SUP d\u0113\u013cu noma: Riverside kemping pied\u0101v\u0101 aizraujo\u0161u iesp\u0113ju izp\u0113t\u012bt pils\u0113tu no upes mier\u012bgajos \u016bde\u0146os, izmantojot m\u016bsu SUP d\u0113\u013cu nomas pakalpojumu. Pied\u0101v\u0101jot SUP d\u0113\u013cus, m\u0113s g\u0101d\u0101jam par visiem prasmju l\u012bme\u0146iem un vecuma grup\u0101m. Ies\u0101c\u0113jiem m\u016bsu iztur\u012bgie un lietot\u0101jam dra<\/p>\n\t\t\t\t<\/div>\n\t\t\t<div class=\"qodef-e-bottom-holder\">\n\t\t\t\t<div class=\"qodef-e-left\">\n\t\t\t\t\t\t<div class=\"qodef-e-read-more\">\n\t\t<a class=\"qodef-shortcode qodef-m  qodef-button qodef-layout--textual  qodef-html--link\" href=\"https:\/\/riversidecamping.lv\/lv\/nomas-preces\/\" target=\"_self\">\t<span class=\"qodef-m-text\">Las\u012bt vair\u0101k<\/span>\t<span class=\"qodef-m-icon\">\t\t<svg xmlns=\"http:\/\/www.w3.org\/2000\/svg\" width=\"20.053\" height=\"10.039\" viewBox=\"0 0 20.053 10.039\">\t\t\t  <path d=\"M17.474,11.444a.683.683,0,0,0-.005.962l3.179,3.184H3.549a.68.68,0,0,0,0,1.359H20.643l-3.179,3.184a.688.688,0,0,0,.005.962.677.677,0,0,0,.957-.005l4.308-4.34h0a.763.763,0,0,0,.141-.214.649.649,0,0,0,.052-.261.681.681,0,0,0-.193-.476l-4.308-4.34A.666.666,0,0,0,17.474,11.444Z\" transform=\"translate(-2.875 -11.252)\"\/>\t\t<\/svg>\t<\/span><\/a>\t<\/div>\n\t\t\t\t<\/div>\n\t\t\t<\/div>\n\t\t<\/div>\n\t<\/div>\n<\/article>\n<article class=\"qodef-e qodef-blog-item qodef-grid-item qodef-item--custom post-9528 post type-post status-publish format-standard has-post-thumbnail hentry category-uncategorized-lv\">\n\t<div class=\"qodef-e-inner\">\n\t\t<div class=\"qodef-e-media\">\n\t\t<div class=\"qodef-e-media-image\">\n\t\t<a itemprop=\"url\" href=\"https:\/\/riversidecamping.lv\/lv\/ko-apskatit-rigas-centra\/\">\n\t\t\t<img width=\"1200\" height=\"899\" src=\"https:\/\/riversidecamping.lv\/wp-content\/uploads\/2023\/02\/Riga-Riverside-camping.jpg\" class=\"attachment-custom size-custom wp-post-image\" alt=\"\" decoding=\"async\" srcset=\"https:\/\/riversidecamping.lv\/wp-content\/uploads\/2023\/02\/Riga-Riverside-camping.jpg 1200w, https:\/\/riversidecamping.lv\/wp-content\/uploads\/2023\/02\/Riga-Riverside-camping-600x450.jpg 600w, https:\/\/riversidecamping.lv\/wp-content\/uploads\/2023\/02\/Riga-Riverside-camping-300x225.jpg 300w, https:\/\/riversidecamping.lv\/wp-content\/uploads\/2023\/02\/Riga-Riverside-camping-1024x767.jpg 1024w, https:\/\/riversidecamping.lv\/wp-content\/uploads\/2023\/02\/Riga-Riverside-camping-768x575.jpg 768w\" sizes=\"(max-width: 1200px) 100vw, 1200px\" \/>\t\t<\/a>\n\t<\/div>\n\t\n\t\n<a itemprop=\"dateCreated\" href=\"https:\/\/riversidecamping.lv\/lv\/2023\/02\/\" class=\"qodef-image-date entry-date \">\n\t\t\t<span class=\"qodef-date-day\">21<\/span>\n\t\t<span class=\"qodef-date-month\">Feb<\/span>\n\t<\/a>\n<div class=\"qodef-info-separator-end\"><\/div>\n<\/div>\n\t\t<div class=\"qodef-e-content\">\n\t\t\t<div class=\"qodef-e-top-holder\">\n\t\t\t\t<div class=\"qodef-e-info\">\n\t\t\t\t\t<a href=\"https:\/\/riversidecamping.lv\/lv\/category\/uncategorized-lv\/\" rel=\"tag\">Uncategorized @lv<\/a><div class=\"qodef-info-separator-end\"><\/div><a itemprop=\"author\" href=\"https:\/\/riversidecamping.lv\/lv\/author\/mg\/\" class=\"qodef-e-info-author\">\n\t<span class=\"qodef-e-info-author-label\">by<\/span>\n\t<span class=\"qodef-e-info-author-link\">mg<\/span>\n<\/a><div class=\"qodef-info-separator-end\"><\/div>\n\t\t\t\t<\/div>\n\t\t\t<\/div>\n\t\t\t<div class=\"qodef-e-text\">\n\t\t\t\t<h2 itemprop=\"name\" class=\"qodef-e-title entry-title\" >\n\t<a itemprop=\"url\" class=\"qodef-e-title-link\" href=\"https:\/\/riversidecamping.lv\/lv\/ko-apskatit-rigas-centra\/\">\n\t\tKo apskat\u012bt R\u012bgas centr\u0101\t<\/a>\n<\/h2>\n\t\t<p itemprop=\"description\" class=\"qodef-e-excerpt\">Centr\u0101ltiegus 1930. gad\u0101 celtais\u00a0Centr\u0101ltirgus\u00a0ir liel\u0101kais Eirop\u0101 un viens no R\u012bgas apskates objektiem.\u00a0Tas apkalpo pat 80 000 cilv\u0113ku dien\u0101. Centr\u0101ltirgus veido pieci mas\u012bvi biju\u0161ie Zeppelin ang\u0101ri, no kuriem katrs p\u0101rdod da\u017e\u0101da veida produktus.\u00a0Kl\u012bstot pa sada\u013c\u0101m, j\u016bs redza<\/p>\n\t\t\t\t<\/div>\n\t\t\t<div class=\"qodef-e-bottom-holder\">\n\t\t\t\t<div class=\"qodef-e-left\">\n\t\t\t\t\t\t<div class=\"qodef-e-read-more\">\n\t\t<a class=\"qodef-shortcode qodef-m  qodef-button qodef-layout--textual  qodef-html--link\" href=\"https:\/\/riversidecamping.lv\/lv\/ko-apskatit-rigas-centra\/\" target=\"_self\">\t<span class=\"qodef-m-text\">Las\u012bt vair\u0101k<\/span>\t<span class=\"qodef-m-icon\">\t\t<svg xmlns=\"http:\/\/www.w3.org\/2000\/svg\" width=\"20.053\" height=\"10.039\" viewBox=\"0 0 20.053 10.039\">\t\t\t  <path d=\"M17.474,11.444a.683.683,0,0,0-.005.962l3.179,3.184H3.549a.68.68,0,0,0,0,1.359H20.643l-3.179,3.184a.688.688,0,0,0,.005.962.677.677,0,0,0,.957-.005l4.308-4.34h0a.763.763,0,0,0,.141-.214.649.649,0,0,0,.052-.261.681.681,0,0,0-.193-.476l-4.308-4.34A.666.666,0,0,0,17.474,11.444Z\" transform=\"translate(-2.875 -11.252)\"\/>\t\t<\/svg>\t<\/span><\/a>\t<\/div>\n\t\t\t\t<\/div>\n\t\t\t<\/div>\n\t\t<\/div>\n\t<\/div>\n<\/article>\n<article class=\"qodef-e qodef-blog-item qodef-grid-item qodef-item--custom post-12344 post type-post status-publish format-standard has-post-thumbnail hentry category-uncategorized-lv\">\n\t<div class=\"qodef-e-inner\">\n\t\t<div class=\"qodef-e-media\">\n\t\t<div class=\"qodef-e-media-image\">\n\t\t<a itemprop=\"url\" href=\"https:\/\/riversidecamping.lv\/lv\/koka-kugitsi-elvira\/\">\n\t\t\t<img width=\"551\" height=\"355\" src=\"https:\/\/riversidecamping.lv\/wp-content\/uploads\/2023\/12\/excursion-Latvia-1.jpg\" class=\"attachment-custom size-custom wp-post-image\" alt=\"\" decoding=\"async\" srcset=\"https:\/\/riversidecamping.lv\/wp-content\/uploads\/2023\/12\/excursion-Latvia-1.jpg 551w, https:\/\/riversidecamping.lv\/wp-content\/uploads\/2023\/12\/excursion-Latvia-1-300x193.jpg 300w\" sizes=\"(max-width: 551px) 100vw, 551px\" \/>\t\t<\/a>\n\t<\/div>\n\t\n\t\n<a itemprop=\"dateCreated\" href=\"https:\/\/riversidecamping.lv\/lv\/2023\/02\/\" class=\"qodef-image-date entry-date \">\n\t\t\t<span class=\"qodef-date-day\">22<\/span>\n\t\t<span class=\"qodef-date-month\">Feb<\/span>\n\t<\/a>\n<div class=\"qodef-info-separator-end\"><\/div>\n<\/div>\n\t\t<div class=\"qodef-e-content\">\n\t\t\t<div class=\"qodef-e-top-holder\">\n\t\t\t\t<div class=\"qodef-e-info\">\n\t\t\t\t\t<a href=\"https:\/\/riversidecamping.lv\/lv\/category\/uncategorized-lv\/\" rel=\"tag\">Uncategorized @lv<\/a><div class=\"qodef-info-separator-end\"><\/div><a itemprop=\"author\" href=\"https:\/\/riversidecamping.lv\/lv\/author\/mg\/\" class=\"qodef-e-info-author\">\n\t<span class=\"qodef-e-info-author-label\">by<\/span>\n\t<span class=\"qodef-e-info-author-link\">mg<\/span>\n<\/a><div class=\"qodef-info-separator-end\"><\/div>\n\t\t\t\t<\/div>\n\t\t\t<\/div>\n\t\t\t<div class=\"qodef-e-text\">\n\t\t\t\t<h2 itemprop=\"name\" class=\"qodef-e-title entry-title\" >\n\t<a itemprop=\"url\" class=\"qodef-e-title-link\" href=\"https:\/\/riversidecamping.lv\/lv\/koka-kugitsi-elvira\/\">\n\t\tKoka ku\u0123\u012btis Elv\u012bra\t<\/a>\n<\/h2>\n\t\t<p itemprop=\"description\" class=\"qodef-e-excerpt\">Elv\u012bra ir burv\u012bgs koka ku\u0123is, kas rot\u0101 Riverside kempinga \u016bde\u0146us R\u012bg\u0101. \u0160is ku\u0123is, kas izgatavots ar precizit\u0101ti un tradicion\u0101lo meistar\u012bbu, izstaro m\u016b\u017e\u012bgu eleganci ar gludu, pul\u0113tu koka \u0101rpusi un klasisko dizainu. Elv\u012brai ir iztur\u012bga konstrukcija, kas nodro\u0161ina stabilit\u0101ti un d<\/p>\n\t\t\t\t<\/div>\n\t\t\t<div class=\"qodef-e-bottom-holder\">\n\t\t\t\t<div class=\"qodef-e-left\">\n\t\t\t\t\t\t<div class=\"qodef-e-read-more\">\n\t\t<a class=\"qodef-shortcode qodef-m  qodef-button qodef-layout--textual  qodef-html--link\" href=\"https:\/\/riversidecamping.lv\/lv\/koka-kugitsi-elvira\/\" target=\"_self\">\t<span class=\"qodef-m-text\">Las\u012bt vair\u0101k<\/span>\t<span class=\"qodef-m-icon\">\t\t<svg xmlns=\"http:\/\/www.w3.org\/2000\/svg\" width=\"20.053\" height=\"10.039\" viewBox=\"0 0 20.053 10.039\">\t\t\t  <path d=\"M17.474,11.444a.683.683,0,0,0-.005.962l3.179,3.184H3.549a.68.68,0,0,0,0,1.359H20.643l-3.179,3.184a.688.688,0,0,0,.005.962.677.677,0,0,0,.957-.005l4.308-4.34h0a.763.763,0,0,0,.141-.214.649.649,0,0,0,.052-.261.681.681,0,0,0-.193-.476l-4.308-4.34A.666.666,0,0,0,17.474,11.444Z\" transform=\"translate(-2.875 -11.252)\"\/>\t\t<\/svg>\t<\/span><\/a>\t<\/div>\n\t\t\t\t<\/div>\n\t\t\t<\/div>\n\t\t<\/div>\n\t<\/div>\n<\/article>\n<article class=\"qodef-e qodef-blog-item qodef-grid-item qodef-item--custom post-9325 post type-post status-publish format-standard has-post-thumbnail hentry category-uncategorized-lv\">\n\t<div class=\"qodef-e-inner\">\n\t\t<div class=\"qodef-e-media\">\n\t\t<div class=\"qodef-e-media-image\">\n\t\t<a itemprop=\"url\" href=\"https:\/\/riversidecamping.lv\/lv\/pasveidotie-kemperi\/\">\n\t\t\t<img width=\"1440\" height=\"1083\" src=\"https:\/\/riversidecamping.lv\/wp-content\/uploads\/2023\/02\/Handmade_camper_riverside.jpg\" class=\"attachment-custom size-custom wp-post-image\" alt=\"\" decoding=\"async\" srcset=\"https:\/\/riversidecamping.lv\/wp-content\/uploads\/2023\/02\/Handmade_camper_riverside.jpg 1440w, https:\/\/riversidecamping.lv\/wp-content\/uploads\/2023\/02\/Handmade_camper_riverside-600x451.jpg 600w, https:\/\/riversidecamping.lv\/wp-content\/uploads\/2023\/02\/Handmade_camper_riverside-300x226.jpg 300w, https:\/\/riversidecamping.lv\/wp-content\/uploads\/2023\/02\/Handmade_camper_riverside-1024x770.jpg 1024w, https:\/\/riversidecamping.lv\/wp-content\/uploads\/2023\/02\/Handmade_camper_riverside-768x578.jpg 768w\" sizes=\"(max-width: 1440px) 100vw, 1440px\" \/>\t\t<\/a>\n\t<\/div>\n\t\n\t\n<a itemprop=\"dateCreated\" href=\"https:\/\/riversidecamping.lv\/lv\/2023\/02\/\" class=\"qodef-image-date entry-date \">\n\t\t\t<span class=\"qodef-date-day\">23<\/span>\n\t\t<span class=\"qodef-date-month\">Feb<\/span>\n\t<\/a>\n<div class=\"qodef-info-separator-end\"><\/div>\n<\/div>\n\t\t<div class=\"qodef-e-content\">\n\t\t\t<div class=\"qodef-e-top-holder\">\n\t\t\t\t<div class=\"qodef-e-info\">\n\t\t\t\t\t<a href=\"https:\/\/riversidecamping.lv\/lv\/category\/uncategorized-lv\/\" rel=\"tag\">Uncategorized @lv<\/a><div class=\"qodef-info-separator-end\"><\/div><a itemprop=\"author\" href=\"https:\/\/riversidecamping.lv\/lv\/author\/mg\/\" class=\"qodef-e-info-author\">\n\t<span class=\"qodef-e-info-author-label\">by<\/span>\n\t<span class=\"qodef-e-info-author-link\">mg<\/span>\n<\/a><div class=\"qodef-info-separator-end\"><\/div>\n\t\t\t\t<\/div>\n\t\t\t<\/div>\n\t\t\t<div class=\"qodef-e-text\">\n\t\t\t\t<h2 itemprop=\"name\" class=\"qodef-e-title entry-title\" >\n\t<a itemprop=\"url\" class=\"qodef-e-title-link\" href=\"https:\/\/riversidecamping.lv\/lv\/pasveidotie-kemperi\/\">\n\t\tPa\u0161veidotie kemperi\t<\/a>\n<\/h2>\n\t\t<p itemprop=\"description\" class=\"qodef-e-excerpt\">Ar k\u0101du kemperi tu p\u0101rvietojies? Daudzi piel\u0101go savus ikdienas busi\u0146us ce\u013co\u0161anai, pilnveido gul\u0113\u0161anas iesp\u0113ju taj\u0101, kompakti savieto mantas, lai \u0113rti b\u016btu ce\u013cot. &nbsp; &nbsp;<\/p>\n\t\t\t\t<\/div>\n\t\t\t<div class=\"qodef-e-bottom-holder\">\n\t\t\t\t<div class=\"qodef-e-left\">\n\t\t\t\t\t\t<div class=\"qodef-e-read-more\">\n\t\t<a class=\"qodef-shortcode qodef-m  qodef-button qodef-layout--textual  qodef-html--link\" href=\"https:\/\/riversidecamping.lv\/lv\/pasveidotie-kemperi\/\" target=\"_self\">\t<span class=\"qodef-m-text\">Las\u012bt vair\u0101k<\/span>\t<span class=\"qodef-m-icon\">\t\t<svg xmlns=\"http:\/\/www.w3.org\/2000\/svg\" width=\"20.053\" height=\"10.039\" viewBox=\"0 0 20.053 10.039\">\t\t\t  <path d=\"M17.474,11.444a.683.683,0,0,0-.005.962l3.179,3.184H3.549a.68.68,0,0,0,0,1.359H20.643l-3.179,3.184a.688.688,0,0,0,.005.962.677.677,0,0,0,.957-.005l4.308-4.34h0a.763.763,0,0,0,.141-.214.649.649,0,0,0,.052-.261.681.681,0,0,0-.193-.476l-4.308-4.34A.666.666,0,0,0,17.474,11.444Z\" transform=\"translate(-2.875 -11.252)\"\/>\t\t<\/svg>\t<\/span><\/a>\t<\/div>\n\t\t\t\t<\/div>\n\t\t\t<\/div>\n\t\t<\/div>\n\t<\/div>\n<\/article>\n<article class=\"qodef-e qodef-blog-item qodef-grid-item qodef-item--custom post-9535 post type-post status-publish format-standard has-post-thumbnail hentry category-uncategorized-lv\">\n\t<div class=\"qodef-e-inner\">\n\t\t<div class=\"qodef-e-media\">\n\t\t<div class=\"qodef-e-media-image\">\n\t\t<a itemprop=\"url\" href=\"https:\/\/riversidecamping.lv\/lv\/latviesu-edieni\/\">\n\t\t\t<img width=\"750\" height=\"514\" src=\"https:\/\/riversidecamping.lv\/wp-content\/uploads\/2023\/02\/latvian-food-riverside-camping.webp\" class=\"attachment-custom size-custom wp-post-image\" alt=\"\" decoding=\"async\" srcset=\"https:\/\/riversidecamping.lv\/wp-content\/uploads\/2023\/02\/latvian-food-riverside-camping.webp 750w, https:\/\/riversidecamping.lv\/wp-content\/uploads\/2023\/02\/latvian-food-riverside-camping-600x411.webp 600w, https:\/\/riversidecamping.lv\/wp-content\/uploads\/2023\/02\/latvian-food-riverside-camping-300x206.webp 300w\" sizes=\"(max-width: 750px) 100vw, 750px\" \/>\t\t<\/a>\n\t<\/div>\n\t\n\t\n<a itemprop=\"dateCreated\" href=\"https:\/\/riversidecamping.lv\/lv\/2023\/02\/\" class=\"qodef-image-date entry-date \">\n\t\t\t<span class=\"qodef-date-day\">24<\/span>\n\t\t<span class=\"qodef-date-month\">Feb<\/span>\n\t<\/a>\n<div class=\"qodef-info-separator-end\"><\/div>\n<\/div>\n\t\t<div class=\"qodef-e-content\">\n\t\t\t<div class=\"qodef-e-top-holder\">\n\t\t\t\t<div class=\"qodef-e-info\">\n\t\t\t\t\t<a href=\"https:\/\/riversidecamping.lv\/lv\/category\/uncategorized-lv\/\" rel=\"tag\">Uncategorized @lv<\/a><div class=\"qodef-info-separator-end\"><\/div><a itemprop=\"author\" href=\"https:\/\/riversidecamping.lv\/lv\/author\/mg\/\" class=\"qodef-e-info-author\">\n\t<span class=\"qodef-e-info-author-label\">by<\/span>\n\t<span class=\"qodef-e-info-author-link\">mg<\/span>\n<\/a><div class=\"qodef-info-separator-end\"><\/div>\n\t\t\t\t<\/div>\n\t\t\t<\/div>\n\t\t\t<div class=\"qodef-e-text\">\n\t\t\t\t<h2 itemprop=\"name\" class=\"qodef-e-title entry-title\" >\n\t<a itemprop=\"url\" class=\"qodef-e-title-link\" href=\"https:\/\/riversidecamping.lv\/lv\/latviesu-edieni\/\">\n\t\tLatvie\u0161u \u0113dieni\t<\/a>\n<\/h2>\n\t\t<p itemprop=\"description\" class=\"qodef-e-excerpt\">Pirms iera\u0161an\u0101s R\u012bg\u0101\u00a0m\u0113s\u00a0gandr\u012bz neko nezin\u0101j\u0101m par p\u0101rtiku Latvij\u0101.\u00a0M\u0113s bij\u0101m dzird\u0113ju\u0161i par tum\u0161o rudzu maizi, ko cilv\u0113ki m\u012bl \u0113st, bet tas bija gandr\u012bz viss. K\u0101 dr\u012bz uzzin\u0101j\u0101m, latvie\u0161u virtuvei ir daudz ko pied\u0101v\u0101t.\u00a0J\u016bs atrad\u012bsiet gardas zupas, k\u016bpin\u0101tas zivis, f<\/p>\n\t\t\t\t<\/div>\n\t\t\t<div class=\"qodef-e-bottom-holder\">\n\t\t\t\t<div class=\"qodef-e-left\">\n\t\t\t\t\t\t<div class=\"qodef-e-read-more\">\n\t\t<a class=\"qodef-shortcode qodef-m  qodef-button qodef-layout--textual  qodef-html--link\" href=\"https:\/\/riversidecamping.lv\/lv\/latviesu-edieni\/\" target=\"_self\">\t<span class=\"qodef-m-text\">Las\u012bt vair\u0101k<\/span>\t<span class=\"qodef-m-icon\">\t\t<svg xmlns=\"http:\/\/www.w3.org\/2000\/svg\" width=\"20.053\" height=\"10.039\" viewBox=\"0 0 20.053 10.039\">\t\t\t  <path d=\"M17.474,11.444a.683.683,0,0,0-.005.962l3.179,3.184H3.549a.68.68,0,0,0,0,1.359H20.643l-3.179,3.184a.688.688,0,0,0,.005.962.677.677,0,0,0,.957-.005l4.308-4.34h0a.763.763,0,0,0,.141-.214.649.649,0,0,0,.052-.261.681.681,0,0,0-.193-.476l-4.308-4.34A.666.666,0,0,0,17.474,11.444Z\" transform=\"translate(-2.875 -11.252)\"\/>\t\t<\/svg>\t<\/span><\/a>\t<\/div>\n\t\t\t\t<\/div>\n\t\t\t<\/div>\n\t\t<\/div>\n\t<\/div>\n<\/article>\n<article class=\"qodef-e qodef-blog-item qodef-grid-item qodef-item--custom post-9655 post type-post status-publish format-video hentry category-uncategorized-lv post_format-post-format-video\">\n\t<div class=\"qodef-e-inner\">\n\t\t<div class=\"qodef-e-media\">\n\t<iframe loading=\"lazy\" title=\"Riverside camping in Riga\" width=\"1043\" height=\"782\" src=\"https:\/\/www.youtube.com\/embed\/RrEe2pKYdEM?feature=oembed\" frameborder=\"0\" allow=\"accelerometer; autoplay; clipboard-write; encrypted-media; gyroscope; picture-in-picture; web-share\" referrerpolicy=\"strict-origin-when-cross-origin\" allowfullscreen><\/iframe><\/div>\n\t\t<div class=\"qodef-e-content\">\n\t\t\t<div class=\"qodef-e-top-holder\">\n\t\t\t\t<div class=\"qodef-e-info\">\n\t\t\t\t\t<a href=\"https:\/\/riversidecamping.lv\/lv\/category\/uncategorized-lv\/\" rel=\"tag\">Uncategorized @lv<\/a><div class=\"qodef-info-separator-end\"><\/div><a itemprop=\"author\" href=\"https:\/\/riversidecamping.lv\/lv\/author\/mg\/\" class=\"qodef-e-info-author\">\n\t<span class=\"qodef-e-info-author-label\">by<\/span>\n\t<span class=\"qodef-e-info-author-link\">mg<\/span>\n<\/a><div class=\"qodef-info-separator-end\"><\/div>\n\t\t\t\t<\/div>\n\t\t\t<\/div>\n\t\t\t<div class=\"qodef-e-text\">\n\t\t\t\t<h2 itemprop=\"name\" class=\"qodef-e-title entry-title\" >\n\t<a itemprop=\"url\" class=\"qodef-e-title-link\" href=\"https:\/\/riversidecamping.lv\/lv\/ka-pie-mums-izskatijas-2022-gada-sezonas-sakuma\/\">\n\t\tK\u0101 pie mums izskatij\u0101s 2022.gada sezonas s\u0101kum\u0101\t<\/a>\n<\/h2>\n\t\t\t<\/div>\n\t\t\t<div class=\"qodef-e-bottom-holder\">\n\t\t\t\t<div class=\"qodef-e-left\">\n\t\t\t\t\t\t<div class=\"qodef-e-read-more\">\n\t\t<a class=\"qodef-shortcode qodef-m  qodef-button qodef-layout--textual  qodef-html--link\" href=\"https:\/\/riversidecamping.lv\/lv\/ka-pie-mums-izskatijas-2022-gada-sezonas-sakuma\/\" target=\"_self\">\t<span class=\"qodef-m-text\">Las\u012bt vair\u0101k<\/span>\t<span class=\"qodef-m-icon\">\t\t<svg xmlns=\"http:\/\/www.w3.org\/2000\/svg\" width=\"20.053\" height=\"10.039\" viewBox=\"0 0 20.053 10.039\">\t\t\t  <path d=\"M17.474,11.444a.683.683,0,0,0-.005.962l3.179,3.184H3.549a.68.68,0,0,0,0,1.359H20.643l-3.179,3.184a.688.688,0,0,0,.005.962.677.677,0,0,0,.957-.005l4.308-4.34h0a.763.763,0,0,0,.141-.214.649.649,0,0,0,.052-.261.681.681,0,0,0-.193-.476l-4.308-4.34A.666.666,0,0,0,17.474,11.444Z\" transform=\"translate(-2.875 -11.252)\"\/>\t\t<\/svg>\t<\/span><\/a>\t<\/div>\n\t\t\t\t<\/div>\n\t\t\t<\/div>\n\t\t<\/div>\n\t<\/div>\n<\/article>\n\t<\/div>\n\t<\/div>\n\t\t<\/div>\n\t\t\t\t<\/div>\n\t\t\t\t\t<\/div>\n\t\t<\/div>\n\t\t\t\t\t\t\t<\/div>\n\t\t<\/section>\n\t\t\t\t\t\t\t<\/div>\n\t\t","protected":false},"excerpt":{"rendered":"<p>21 Feb Uncategorized @lv by mg Pa\u0161veidotie kemperi Ar k\u0101du kemperi tu p\u0101rvietojies? Daudzi piel\u0101go savus ikdienas busi\u0146us ce\u013co\u0161anai, pilnveido gul\u0113\u0161anas iesp\u0113ju taj\u0101, kompakti savieto mantas, lai \u0113rti b\u016btu ce\u013cot. Read More 24 Feb Uncategorized @lv by mg Ko apskat\u012bt R\u012bgas centr\u0101 Centr\u0101ltiegus 1930. gad\u0101 celtais\u00a0Centr\u0101ltirgus\u00a0ir liel\u0101kais Eirop\u0101 un viens no R\u012bgas apskates objektiem.\u00a0Tas apkalpo [&hellip;]<\/p>\n","protected":false},"author":1,"featured_media":0,"parent":0,"menu_order":0,"comment_status":"closed","ping_status":"closed","template":"","meta":[],"acf":[],"_links":{"self":[{"href":"https:\/\/riversidecamping.lv\/lv\/wp-json\/wp\/v2\/pages\/3647"}],"collection":[{"href":"https:\/\/riversidecamping.lv\/lv\/wp-json\/wp\/v2\/pages"}],"about":[{"href":"https:\/\/riversidecamping.lv\/lv\/wp-json\/wp\/v2\/types\/page"}],"author":[{"embeddable":true,"href":"https:\/\/riversidecamping.lv\/lv\/wp-json\/wp\/v2\/users\/1"}],"replies":[{"embeddable":true,"href":"https:\/\/riversidecamping.lv\/lv\/wp-json\/wp\/v2\/comments?post=3647"}],"version-history":[{"count":35,"href":"https:\/\/riversidecamping.lv\/lv\/wp-json\/wp\/v2\/pages\/3647\/revisions"}],"predecessor-version":[{"id":10380,"href":"https:\/\/riversidecamping.lv\/lv\/wp-json\/wp\/v2\/pages\/3647\/revisions\/10380"}],"wp:attachment":[{"href":"https:\/\/riversidecamping.lv\/lv\/wp-json\/wp\/v2\/media?parent=3647"}],"curies":[{"name":"wp","href":"https:\/\/api.w.org\/{rel}","templated":true}]}}