{"id":10570,"date":"2023-07-25T08:59:26","date_gmt":"2023-07-25T05:59:26","guid":{"rendered":"https:\/\/riversidecamping.lv\/?page_id=10570"},"modified":"2023-07-25T08:59:26","modified_gmt":"2023-07-25T05:59:26","slug":"riga-no-udens-kugitis-elvira","status":"publish","type":"page","link":"https:\/\/riversidecamping.lv\/lv\/riga-no-udens-kugitis-elvira\/","title":{"rendered":"R\u012bga no \u016bdens &#8211; ku\u0123\u012btis Elv\u012bra"},"content":{"rendered":"","protected":false},"excerpt":{"rendered":"","protected":false},"author":2,"featured_media":0,"parent":0,"menu_order":0,"comment_status":"closed","ping_status":"closed","template":"","meta":[],"acf":[],"_links":{"self":[{"href":"https:\/\/riversidecamping.lv\/lv\/wp-json\/wp\/v2\/pages\/10570"}],"collection":[{"href":"https:\/\/riversidecamping.lv\/lv\/wp-json\/wp\/v2\/pages"}],"about":[{"href":"https:\/\/riversidecamping.lv\/lv\/wp-json\/wp\/v2\/types\/page"}],"author":[{"embeddable":true,"href":"https:\/\/riversidecamping.lv\/lv\/wp-json\/wp\/v2\/users\/2"}],"replies":[{"embeddable":true,"href":"https:\/\/riversidecamping.lv\/lv\/wp-json\/wp\/v2\/comments?post=10570"}],"version-history":[{"count":2,"href":"https:\/\/riversidecamping.lv\/lv\/wp-json\/wp\/v2\/pages\/10570\/revisions"}],"predecessor-version":[{"id":11142,"href":"https:\/\/riversidecamping.lv\/lv\/wp-json\/wp\/v2\/pages\/10570\/revisions\/11142"}],"wp:attachment":[{"href":"https:\/\/riversidecamping.lv\/lv\/wp-json\/wp\/v2\/media?parent=10570"}],"curies":[{"name":"wp","href":"https:\/\/api.w.org\/{rel}","templated":true}]}}