{"id":8607,"date":"2021-06-25T07:16:10","date_gmt":"2021-06-25T04:16:10","guid":{"rendered":"https:\/\/riversidecamping.lv\/blog\/"},"modified":"2023-05-23T08:46:55","modified_gmt":"2023-05-23T05:46:55","slug":"blog","status":"publish","type":"page","link":"https:\/\/riversidecamping.lv\/de\/blog\/","title":{"rendered":"Blog"},"content":{"rendered":"\t\t<div data-elementor-type=\"wp-page\" data-elementor-id=\"8607\" class=\"elementor elementor-8607 elementor-3647\">\n\t\t\t\t\t\t\t\t\t<section class=\"elementor-section elementor-top-section elementor-element elementor-element-72477a0 elementor-section-boxed elementor-section-height-default elementor-section-height-default qodef-elementor-content-no\" data-id=\"72477a0\" data-element_type=\"section\">\n\t\t\t\t\t\t<div class=\"elementor-container elementor-column-gap-default\">\n\t\t\t\t\t<div class=\"elementor-column elementor-col-100 elementor-top-column elementor-element elementor-element-c6ce3e1\" data-id=\"c6ce3e1\" data-element_type=\"column\">\n\t\t\t<div class=\"elementor-widget-wrap elementor-element-populated\">\n\t\t\t\t\t\t\t\t<div class=\"elementor-element elementor-element-69ba49b elementor-widget elementor-widget-kamperen_core_blog_list\" data-id=\"69ba49b\" data-element_type=\"widget\" data-widget_type=\"kamperen_core_blog_list.default\">\n\t\t\t\t<div class=\"elementor-widget-container\">\n\t\t\t<div class=\"qodef-shortcode qodef-m  qodef-blog qodef-item-layout--metro qodef-grid qodef-layout--columns  qodef-gutter--normal qodef-col-num--1 qodef-item-layout--metro qodef-pagination--on qodef-pagination-type--standard qodef-responsive--predefined\" data-options=\"{&quot;plugin&quot;:&quot;kamperen_core&quot;,&quot;module&quot;:&quot;blog\\\/shortcodes&quot;,&quot;shortcode&quot;:&quot;blog-list&quot;,&quot;post_type&quot;:&quot;post&quot;,&quot;next_page&quot;:&quot;2&quot;,&quot;max_pages_num&quot;:2,&quot;behavior&quot;:&quot;columns&quot;,&quot;images_proportion&quot;:&quot;custom&quot;,&quot;custom_image_width&quot;:&quot;550&quot;,&quot;columns&quot;:&quot;1&quot;,&quot;columns_responsive&quot;:&quot;predefined&quot;,&quot;space&quot;:&quot;normal&quot;,&quot;posts_per_page&quot;:&quot;6&quot;,&quot;orderby&quot;:&quot;date&quot;,&quot;order&quot;:&quot;ASC&quot;,&quot;additional_params&quot;:&quot;tax&quot;,&quot;tax&quot;:&quot;category&quot;,&quot;layout&quot;:&quot;metro&quot;,&quot;title_tag&quot;:&quot;h2&quot;,&quot;excerpt_length&quot;:&quot;300&quot;,&quot;pagination_type&quot;:&quot;standard&quot;,&quot;object_class_name&quot;:&quot;KamperenCore_Blog_List_Shortcode&quot;,&quot;taxonomy_filter&quot;:&quot;category&quot;,&quot;space_value&quot;:15}\">\n\t\t<div class=\"qodef-grid-inner clear\">\n\t\t<article class=\"qodef-e qodef-blog-item qodef-grid-item qodef-item--custom post-11994 post type-post status-publish format-standard has-post-thumbnail hentry category-unkategorisiert\">\n\t<div class=\"qodef-e-inner\">\n\t\t<div class=\"qodef-e-media\">\n\t\t<div class=\"qodef-e-media-image\">\n\t\t<a itemprop=\"url\" href=\"https:\/\/riversidecamping.lv\/de\/mietdienstleistungen\/\">\n\t\t\t<img width=\"1024\" height=\"512\" src=\"https:\/\/riversidecamping.lv\/wp-content\/uploads\/2023\/12\/IMG-20231010-WA0142-rotated.jpg\" class=\"attachment-custom size-custom wp-post-image\" alt=\"\" decoding=\"async\" srcset=\"https:\/\/riversidecamping.lv\/wp-content\/uploads\/2023\/12\/IMG-20231010-WA0142-rotated.jpg 1024w, https:\/\/riversidecamping.lv\/wp-content\/uploads\/2023\/12\/IMG-20231010-WA0142-300x150.jpg 300w, https:\/\/riversidecamping.lv\/wp-content\/uploads\/2023\/12\/IMG-20231010-WA0142-768x384.jpg 768w, https:\/\/riversidecamping.lv\/wp-content\/uploads\/2023\/12\/IMG-20231010-WA0142-600x300.jpg 600w\" sizes=\"(max-width: 1024px) 100vw, 1024px\" \/>\t\t<\/a>\n\t<\/div>\n\t\n\t\n<a itemprop=\"dateCreated\" href=\"https:\/\/riversidecamping.lv\/de\/2022\/12\/\" class=\"qodef-image-date entry-date \">\n\t\t\t<span class=\"qodef-date-day\">11<\/span>\n\t\t<span class=\"qodef-date-month\">Dez.<\/span>\n\t<\/a>\n<div class=\"qodef-info-separator-end\"><\/div>\n<\/div>\n\t\t<div class=\"qodef-e-content\">\n\t\t\t<div class=\"qodef-e-top-holder\">\n\t\t\t\t<div class=\"qodef-e-info\">\n\t\t\t\t\t<a href=\"https:\/\/riversidecamping.lv\/de\/category\/unkategorisiert\/\" rel=\"tag\">Unkategorisiert<\/a><div class=\"qodef-info-separator-end\"><\/div><a itemprop=\"author\" href=\"https:\/\/riversidecamping.lv\/de\/author\/mg\/\" class=\"qodef-e-info-author\">\n\t<span class=\"qodef-e-info-author-label\">by<\/span>\n\t<span class=\"qodef-e-info-author-link\">mg<\/span>\n<\/a><div class=\"qodef-info-separator-end\"><\/div>\n\t\t\t\t<\/div>\n\t\t\t<\/div>\n\t\t\t<div class=\"qodef-e-text\">\n\t\t\t\t<h2 itemprop=\"name\" class=\"qodef-e-title entry-title\" >\n\t<a itemprop=\"url\" class=\"qodef-e-title-link\" href=\"https:\/\/riversidecamping.lv\/de\/mietdienstleistungen\/\">\n\t\tMietdienstleistungen\t<\/a>\n<\/h2>\n\t\t<p itemprop=\"description\" class=\"qodef-e-excerpt\">Wir haben Mietartikel in unserem Angebot. Damit Sie Ihren Urlaub bei uns noch sch\u00f6ner genie\u00dfen k\u00f6nnen, bieten wir Ihnen Fahrr\u00e4der, Ruderboote, Kajaks und SUP-Boards zum Verleih an. &nbsp; &nbsp; SUP Board Verleih: Riverside Camping bietet eine aufregende Gelegenheit, die Stadt vom Fluss aus in d<\/p>\n\t\t\t\t<\/div>\n\t\t\t<div class=\"qodef-e-bottom-holder\">\n\t\t\t\t<div class=\"qodef-e-left\">\n\t\t\t\t\t\t<div class=\"qodef-e-read-more\">\n\t\t<a class=\"qodef-shortcode qodef-m  qodef-button qodef-layout--textual  qodef-html--link\" href=\"https:\/\/riversidecamping.lv\/de\/mietdienstleistungen\/\" target=\"_self\"  >\t<span class=\"qodef-m-text\">Read More<\/span>\t<span class=\"qodef-m-icon\">\t\t<svg xmlns=\"http:\/\/www.w3.org\/2000\/svg\" width=\"20.053\" height=\"10.039\" viewBox=\"0 0 20.053 10.039\">\t\t\t  <path d=\"M17.474,11.444a.683.683,0,0,0-.005.962l3.179,3.184H3.549a.68.68,0,0,0,0,1.359H20.643l-3.179,3.184a.688.688,0,0,0,.005.962.677.677,0,0,0,.957-.005l4.308-4.34h0a.763.763,0,0,0,.141-.214.649.649,0,0,0,.052-.261.681.681,0,0,0-.193-.476l-4.308-4.34A.666.666,0,0,0,17.474,11.444Z\" transform=\"translate(-2.875 -11.252)\"\/>\t\t<\/svg>\t<\/span><\/a>\t<\/div>\n\t\t\t\t<\/div>\n\t\t\t<\/div>\n\t\t<\/div>\n\t<\/div>\n<\/article>\n<article class=\"qodef-e qodef-blog-item qodef-grid-item qodef-item--custom post-10249 post type-post status-publish format-standard has-post-thumbnail hentry category-unkategorisiert\">\n\t<div class=\"qodef-e-inner\">\n\t\t<div class=\"qodef-e-media\">\n\t\t<div class=\"qodef-e-media-image\">\n\t\t<a itemprop=\"url\" href=\"https:\/\/riversidecamping.lv\/de\/sehenswuerdigkeiten-im-zentrum-von-riga\/\">\n\t\t\t<img width=\"1200\" height=\"899\" src=\"https:\/\/riversidecamping.lv\/wp-content\/uploads\/2023\/02\/Riga-Riverside-camping.jpg\" class=\"attachment-custom size-custom wp-post-image\" alt=\"\" decoding=\"async\" srcset=\"https:\/\/riversidecamping.lv\/wp-content\/uploads\/2023\/02\/Riga-Riverside-camping.jpg 1200w, https:\/\/riversidecamping.lv\/wp-content\/uploads\/2023\/02\/Riga-Riverside-camping-600x450.jpg 600w, https:\/\/riversidecamping.lv\/wp-content\/uploads\/2023\/02\/Riga-Riverside-camping-300x225.jpg 300w, https:\/\/riversidecamping.lv\/wp-content\/uploads\/2023\/02\/Riga-Riverside-camping-1024x767.jpg 1024w, https:\/\/riversidecamping.lv\/wp-content\/uploads\/2023\/02\/Riga-Riverside-camping-768x575.jpg 768w\" sizes=\"(max-width: 1200px) 100vw, 1200px\" \/>\t\t<\/a>\n\t<\/div>\n\t\n\t\n<a itemprop=\"dateCreated\" href=\"https:\/\/riversidecamping.lv\/de\/2023\/02\/\" class=\"qodef-image-date entry-date \">\n\t\t\t<span class=\"qodef-date-day\">21<\/span>\n\t\t<span class=\"qodef-date-month\">Feb.<\/span>\n\t<\/a>\n<div class=\"qodef-info-separator-end\"><\/div>\n<\/div>\n\t\t<div class=\"qodef-e-content\">\n\t\t\t<div class=\"qodef-e-top-holder\">\n\t\t\t\t<div class=\"qodef-e-info\">\n\t\t\t\t\t<a href=\"https:\/\/riversidecamping.lv\/de\/category\/unkategorisiert\/\" rel=\"tag\">Unkategorisiert<\/a><div class=\"qodef-info-separator-end\"><\/div><a itemprop=\"author\" href=\"https:\/\/riversidecamping.lv\/de\/author\/mg\/\" class=\"qodef-e-info-author\">\n\t<span class=\"qodef-e-info-author-label\">by<\/span>\n\t<span class=\"qodef-e-info-author-link\">mg<\/span>\n<\/a><div class=\"qodef-info-separator-end\"><\/div>\n\t\t\t\t<\/div>\n\t\t\t<\/div>\n\t\t\t<div class=\"qodef-e-text\">\n\t\t\t\t<h2 itemprop=\"name\" class=\"qodef-e-title entry-title\" >\n\t<a itemprop=\"url\" class=\"qodef-e-title-link\" href=\"https:\/\/riversidecamping.lv\/de\/sehenswuerdigkeiten-im-zentrum-von-riga\/\">\n\t\tSehensw\u00fcrdigkeiten im Zentrum von Riga\t<\/a>\n<\/h2>\n\t\t<p itemprop=\"description\" class=\"qodef-e-excerpt\">Zentraler Faden Der 1930 erbaute Zentralmarkt ist der gr\u00f6\u00dfte in Europa und eine der Attraktionen von Riga. Es versorgt t\u00e4glich bis zu 80.000 Menschen. Der zentrale Markt besteht aus f\u00fcnf riesigen ehemaligen Zeppelin-Hangars, die jeweils eine andere Art von Produkten verkaufen. Wenn Sie durch die<\/p>\n\t\t\t\t<\/div>\n\t\t\t<div class=\"qodef-e-bottom-holder\">\n\t\t\t\t<div class=\"qodef-e-left\">\n\t\t\t\t\t\t<div class=\"qodef-e-read-more\">\n\t\t<a class=\"qodef-shortcode qodef-m  qodef-button qodef-layout--textual  qodef-html--link\" href=\"https:\/\/riversidecamping.lv\/de\/sehenswuerdigkeiten-im-zentrum-von-riga\/\" target=\"_self\"  >\t<span class=\"qodef-m-text\">Read More<\/span>\t<span class=\"qodef-m-icon\">\t\t<svg xmlns=\"http:\/\/www.w3.org\/2000\/svg\" width=\"20.053\" height=\"10.039\" viewBox=\"0 0 20.053 10.039\">\t\t\t  <path d=\"M17.474,11.444a.683.683,0,0,0-.005.962l3.179,3.184H3.549a.68.68,0,0,0,0,1.359H20.643l-3.179,3.184a.688.688,0,0,0,.005.962.677.677,0,0,0,.957-.005l4.308-4.34h0a.763.763,0,0,0,.141-.214.649.649,0,0,0,.052-.261.681.681,0,0,0-.193-.476l-4.308-4.34A.666.666,0,0,0,17.474,11.444Z\" transform=\"translate(-2.875 -11.252)\"\/>\t\t<\/svg>\t<\/span><\/a>\t<\/div>\n\t\t\t\t<\/div>\n\t\t\t<\/div>\n\t\t<\/div>\n\t<\/div>\n<\/article>\n<article class=\"qodef-e qodef-blog-item qodef-grid-item qodef-item--custom post-12343 post type-post status-publish format-standard has-post-thumbnail hentry category-unkategorisiert\">\n\t<div class=\"qodef-e-inner\">\n\t\t<div class=\"qodef-e-media\">\n\t\t<div class=\"qodef-e-media-image\">\n\t\t<a itemprop=\"url\" href=\"https:\/\/riversidecamping.lv\/de\/holzboot-elvira\/\">\n\t\t\t<img width=\"551\" height=\"355\" src=\"https:\/\/riversidecamping.lv\/wp-content\/uploads\/2023\/12\/excursion-Latvia-1.jpg\" class=\"attachment-custom size-custom wp-post-image\" alt=\"\" decoding=\"async\" srcset=\"https:\/\/riversidecamping.lv\/wp-content\/uploads\/2023\/12\/excursion-Latvia-1.jpg 551w, https:\/\/riversidecamping.lv\/wp-content\/uploads\/2023\/12\/excursion-Latvia-1-300x193.jpg 300w\" sizes=\"(max-width: 551px) 100vw, 551px\" \/>\t\t<\/a>\n\t<\/div>\n\t\n\t\n<a itemprop=\"dateCreated\" href=\"https:\/\/riversidecamping.lv\/de\/2023\/02\/\" class=\"qodef-image-date entry-date \">\n\t\t\t<span class=\"qodef-date-day\">22<\/span>\n\t\t<span class=\"qodef-date-month\">Feb.<\/span>\n\t<\/a>\n<div class=\"qodef-info-separator-end\"><\/div>\n<\/div>\n\t\t<div class=\"qodef-e-content\">\n\t\t\t<div class=\"qodef-e-top-holder\">\n\t\t\t\t<div class=\"qodef-e-info\">\n\t\t\t\t\t<a href=\"https:\/\/riversidecamping.lv\/de\/category\/unkategorisiert\/\" rel=\"tag\">Unkategorisiert<\/a><div class=\"qodef-info-separator-end\"><\/div><a itemprop=\"author\" href=\"https:\/\/riversidecamping.lv\/de\/author\/mg\/\" class=\"qodef-e-info-author\">\n\t<span class=\"qodef-e-info-author-label\">by<\/span>\n\t<span class=\"qodef-e-info-author-link\">mg<\/span>\n<\/a><div class=\"qodef-info-separator-end\"><\/div>\n\t\t\t\t<\/div>\n\t\t\t<\/div>\n\t\t\t<div class=\"qodef-e-text\">\n\t\t\t\t<h2 itemprop=\"name\" class=\"qodef-e-title entry-title\" >\n\t<a itemprop=\"url\" class=\"qodef-e-title-link\" href=\"https:\/\/riversidecamping.lv\/de\/holzboot-elvira\/\">\n\t\tHolzboot Elvira\t<\/a>\n<\/h2>\n\t\t<p itemprop=\"description\" class=\"qodef-e-excerpt\">Die Elv\u012bra ist ein bezauberndes Holzboot, das die Gew\u00e4sser des Riverside Camping in Riga ziert. Dieses mit Pr\u00e4zision und traditioneller Handwerkskunst gefertigte Schiff strahlt mit seiner glatten, polierten Holzau\u00dfenseite und dem klassischen Design zeitlose Eleganz aus. Die Elv\u012bra verf\u00fcgt \u00fcbe<\/p>\n\t\t\t\t<\/div>\n\t\t\t<div class=\"qodef-e-bottom-holder\">\n\t\t\t\t<div class=\"qodef-e-left\">\n\t\t\t\t\t\t<div class=\"qodef-e-read-more\">\n\t\t<a class=\"qodef-shortcode qodef-m  qodef-button qodef-layout--textual  qodef-html--link\" href=\"https:\/\/riversidecamping.lv\/de\/holzboot-elvira\/\" target=\"_self\"  >\t<span class=\"qodef-m-text\">Read More<\/span>\t<span class=\"qodef-m-icon\">\t\t<svg xmlns=\"http:\/\/www.w3.org\/2000\/svg\" width=\"20.053\" height=\"10.039\" viewBox=\"0 0 20.053 10.039\">\t\t\t  <path d=\"M17.474,11.444a.683.683,0,0,0-.005.962l3.179,3.184H3.549a.68.68,0,0,0,0,1.359H20.643l-3.179,3.184a.688.688,0,0,0,.005.962.677.677,0,0,0,.957-.005l4.308-4.34h0a.763.763,0,0,0,.141-.214.649.649,0,0,0,.052-.261.681.681,0,0,0-.193-.476l-4.308-4.34A.666.666,0,0,0,17.474,11.444Z\" transform=\"translate(-2.875 -11.252)\"\/>\t\t<\/svg>\t<\/span><\/a>\t<\/div>\n\t\t\t\t<\/div>\n\t\t\t<\/div>\n\t\t<\/div>\n\t<\/div>\n<\/article>\n<article class=\"qodef-e qodef-blog-item qodef-grid-item qodef-item--custom post-10255 post type-post status-publish format-standard has-post-thumbnail hentry category-unkategorisiert\">\n\t<div class=\"qodef-e-inner\">\n\t\t<div class=\"qodef-e-media\">\n\t\t<div class=\"qodef-e-media-image\">\n\t\t<a itemprop=\"url\" href=\"https:\/\/riversidecamping.lv\/de\/selbstgebaute-camper\/\">\n\t\t\t<img width=\"1440\" height=\"1083\" src=\"https:\/\/riversidecamping.lv\/wp-content\/uploads\/2023\/02\/Handmade_camper_riverside.jpg\" class=\"attachment-custom size-custom wp-post-image\" alt=\"\" decoding=\"async\" srcset=\"https:\/\/riversidecamping.lv\/wp-content\/uploads\/2023\/02\/Handmade_camper_riverside.jpg 1440w, https:\/\/riversidecamping.lv\/wp-content\/uploads\/2023\/02\/Handmade_camper_riverside-600x451.jpg 600w, https:\/\/riversidecamping.lv\/wp-content\/uploads\/2023\/02\/Handmade_camper_riverside-300x226.jpg 300w, https:\/\/riversidecamping.lv\/wp-content\/uploads\/2023\/02\/Handmade_camper_riverside-1024x770.jpg 1024w, https:\/\/riversidecamping.lv\/wp-content\/uploads\/2023\/02\/Handmade_camper_riverside-768x578.jpg 768w\" sizes=\"(max-width: 1440px) 100vw, 1440px\" \/>\t\t<\/a>\n\t<\/div>\n\t\n\t\n<a itemprop=\"dateCreated\" href=\"https:\/\/riversidecamping.lv\/de\/2023\/02\/\" class=\"qodef-image-date entry-date \">\n\t\t\t<span class=\"qodef-date-day\">23<\/span>\n\t\t<span class=\"qodef-date-month\">Feb.<\/span>\n\t<\/a>\n<div class=\"qodef-info-separator-end\"><\/div>\n<\/div>\n\t\t<div class=\"qodef-e-content\">\n\t\t\t<div class=\"qodef-e-top-holder\">\n\t\t\t\t<div class=\"qodef-e-info\">\n\t\t\t\t\t<a href=\"https:\/\/riversidecamping.lv\/de\/category\/unkategorisiert\/\" rel=\"tag\">Unkategorisiert<\/a><div class=\"qodef-info-separator-end\"><\/div><a itemprop=\"author\" href=\"https:\/\/riversidecamping.lv\/de\/author\/mg\/\" class=\"qodef-e-info-author\">\n\t<span class=\"qodef-e-info-author-label\">by<\/span>\n\t<span class=\"qodef-e-info-author-link\">mg<\/span>\n<\/a><div class=\"qodef-info-separator-end\"><\/div>\n\t\t\t\t<\/div>\n\t\t\t<\/div>\n\t\t\t<div class=\"qodef-e-text\">\n\t\t\t\t<h2 itemprop=\"name\" class=\"qodef-e-title entry-title\" >\n\t<a itemprop=\"url\" class=\"qodef-e-title-link\" href=\"https:\/\/riversidecamping.lv\/de\/selbstgebaute-camper\/\">\n\t\tSelbstgebaute Camper\t<\/a>\n<\/h2>\n\t\t<p itemprop=\"description\" class=\"qodef-e-excerpt\">Mit was f\u00fcr einem Camper reist du? Viele passen ihren Alltagsbus f\u00fcr die Reise an, verbessern die Schlafm\u00f6glichkeiten, verstauen Dinge kompakt, um komfortabel reisen zu k\u00f6nnen. &nbsp; &nbsp;<\/p>\n\t\t\t\t<\/div>\n\t\t\t<div class=\"qodef-e-bottom-holder\">\n\t\t\t\t<div class=\"qodef-e-left\">\n\t\t\t\t\t\t<div class=\"qodef-e-read-more\">\n\t\t<a class=\"qodef-shortcode qodef-m  qodef-button qodef-layout--textual  qodef-html--link\" href=\"https:\/\/riversidecamping.lv\/de\/selbstgebaute-camper\/\" target=\"_self\"  >\t<span class=\"qodef-m-text\">Read More<\/span>\t<span class=\"qodef-m-icon\">\t\t<svg xmlns=\"http:\/\/www.w3.org\/2000\/svg\" width=\"20.053\" height=\"10.039\" viewBox=\"0 0 20.053 10.039\">\t\t\t  <path d=\"M17.474,11.444a.683.683,0,0,0-.005.962l3.179,3.184H3.549a.68.68,0,0,0,0,1.359H20.643l-3.179,3.184a.688.688,0,0,0,.005.962.677.677,0,0,0,.957-.005l4.308-4.34h0a.763.763,0,0,0,.141-.214.649.649,0,0,0,.052-.261.681.681,0,0,0-.193-.476l-4.308-4.34A.666.666,0,0,0,17.474,11.444Z\" transform=\"translate(-2.875 -11.252)\"\/>\t\t<\/svg>\t<\/span><\/a>\t<\/div>\n\t\t\t\t<\/div>\n\t\t\t<\/div>\n\t\t<\/div>\n\t<\/div>\n<\/article>\n<article class=\"qodef-e qodef-blog-item qodef-grid-item qodef-item--custom post-10251 post type-post status-publish format-standard has-post-thumbnail hentry category-unkategorisiert\">\n\t<div class=\"qodef-e-inner\">\n\t\t<div class=\"qodef-e-media\">\n\t\t<div class=\"qodef-e-media-image\">\n\t\t<a itemprop=\"url\" href=\"https:\/\/riversidecamping.lv\/de\/lettische-gerichte\/\">\n\t\t\t<img width=\"750\" height=\"514\" src=\"https:\/\/riversidecamping.lv\/wp-content\/uploads\/2023\/02\/latvian-food-riverside-camping.webp\" class=\"attachment-custom size-custom wp-post-image\" alt=\"\" decoding=\"async\" srcset=\"https:\/\/riversidecamping.lv\/wp-content\/uploads\/2023\/02\/latvian-food-riverside-camping.webp 750w, https:\/\/riversidecamping.lv\/wp-content\/uploads\/2023\/02\/latvian-food-riverside-camping-600x411.webp 600w, https:\/\/riversidecamping.lv\/wp-content\/uploads\/2023\/02\/latvian-food-riverside-camping-300x206.webp 300w\" sizes=\"(max-width: 750px) 100vw, 750px\" \/>\t\t<\/a>\n\t<\/div>\n\t\n\t\n<a itemprop=\"dateCreated\" href=\"https:\/\/riversidecamping.lv\/de\/2023\/02\/\" class=\"qodef-image-date entry-date \">\n\t\t\t<span class=\"qodef-date-day\">24<\/span>\n\t\t<span class=\"qodef-date-month\">Feb.<\/span>\n\t<\/a>\n<div class=\"qodef-info-separator-end\"><\/div>\n<\/div>\n\t\t<div class=\"qodef-e-content\">\n\t\t\t<div class=\"qodef-e-top-holder\">\n\t\t\t\t<div class=\"qodef-e-info\">\n\t\t\t\t\t<a href=\"https:\/\/riversidecamping.lv\/de\/category\/unkategorisiert\/\" rel=\"tag\">Unkategorisiert<\/a><div class=\"qodef-info-separator-end\"><\/div><a itemprop=\"author\" href=\"https:\/\/riversidecamping.lv\/de\/author\/mg\/\" class=\"qodef-e-info-author\">\n\t<span class=\"qodef-e-info-author-label\">by<\/span>\n\t<span class=\"qodef-e-info-author-link\">mg<\/span>\n<\/a><div class=\"qodef-info-separator-end\"><\/div>\n\t\t\t\t<\/div>\n\t\t\t<\/div>\n\t\t\t<div class=\"qodef-e-text\">\n\t\t\t\t<h2 itemprop=\"name\" class=\"qodef-e-title entry-title\" >\n\t<a itemprop=\"url\" class=\"qodef-e-title-link\" href=\"https:\/\/riversidecamping.lv\/de\/lettische-gerichte\/\">\n\t\tLettische Gerichte\t<\/a>\n<\/h2>\n\t\t<p itemprop=\"description\" class=\"qodef-e-excerpt\">Bevor wir in Riga ankamen, wussten wir fast nichts \u00fcber Essen in Lettland. Wir hatten von dem dunklen Roggenbrot geh\u00f6rt, das die Leute gerne essen, aber das war es auch schon. Wie wir bald erfuhren, hat die lettische K\u00fcche viel zu bieten. Hier finden Sie k\u00f6stliche Suppen, ger\u00e4ucherten Fisch, fa<\/p>\n\t\t\t\t<\/div>\n\t\t\t<div class=\"qodef-e-bottom-holder\">\n\t\t\t\t<div class=\"qodef-e-left\">\n\t\t\t\t\t\t<div class=\"qodef-e-read-more\">\n\t\t<a class=\"qodef-shortcode qodef-m  qodef-button qodef-layout--textual  qodef-html--link\" href=\"https:\/\/riversidecamping.lv\/de\/lettische-gerichte\/\" target=\"_self\"  >\t<span class=\"qodef-m-text\">Read More<\/span>\t<span class=\"qodef-m-icon\">\t\t<svg xmlns=\"http:\/\/www.w3.org\/2000\/svg\" width=\"20.053\" height=\"10.039\" viewBox=\"0 0 20.053 10.039\">\t\t\t  <path d=\"M17.474,11.444a.683.683,0,0,0-.005.962l3.179,3.184H3.549a.68.68,0,0,0,0,1.359H20.643l-3.179,3.184a.688.688,0,0,0,.005.962.677.677,0,0,0,.957-.005l4.308-4.34h0a.763.763,0,0,0,.141-.214.649.649,0,0,0,.052-.261.681.681,0,0,0-.193-.476l-4.308-4.34A.666.666,0,0,0,17.474,11.444Z\" transform=\"translate(-2.875 -11.252)\"\/>\t\t<\/svg>\t<\/span><\/a>\t<\/div>\n\t\t\t\t<\/div>\n\t\t\t<\/div>\n\t\t<\/div>\n\t<\/div>\n<\/article>\n<article class=\"qodef-e qodef-blog-item qodef-grid-item qodef-item--custom post-10244 post type-post status-publish format-video hentry category-unkategorisiert post_format-post-format-video\">\n\t<div class=\"qodef-e-inner\">\n\t\t<div class=\"qodef-e-media\">\n\t<iframe loading=\"lazy\" title=\"Riverside camping in Riga\" width=\"1043\" height=\"782\" src=\"https:\/\/www.youtube.com\/embed\/RrEe2pKYdEM?feature=oembed\" frameborder=\"0\" allow=\"accelerometer; autoplay; clipboard-write; encrypted-media; gyroscope; picture-in-picture; web-share\" referrerpolicy=\"strict-origin-when-cross-origin\" allowfullscreen><\/iframe><\/div>\n\t\t<div class=\"qodef-e-content\">\n\t\t\t<div class=\"qodef-e-top-holder\">\n\t\t\t\t<div class=\"qodef-e-info\">\n\t\t\t\t\t<a href=\"https:\/\/riversidecamping.lv\/de\/category\/unkategorisiert\/\" rel=\"tag\">Unkategorisiert<\/a><div class=\"qodef-info-separator-end\"><\/div><a itemprop=\"author\" href=\"https:\/\/riversidecamping.lv\/de\/author\/mg\/\" class=\"qodef-e-info-author\">\n\t<span class=\"qodef-e-info-author-label\">by<\/span>\n\t<span class=\"qodef-e-info-author-link\">mg<\/span>\n<\/a><div class=\"qodef-info-separator-end\"><\/div>\n\t\t\t\t<\/div>\n\t\t\t<\/div>\n\t\t\t<div class=\"qodef-e-text\">\n\t\t\t\t<h2 itemprop=\"name\" class=\"qodef-e-title entry-title\" >\n\t<a itemprop=\"url\" class=\"qodef-e-title-link\" href=\"https:\/\/riversidecamping.lv\/de\/so-sahen-wir-zu-beginn-der-saison-2022-aus\/\">\n\t\tSo sahen wir zu Beginn der Saison 2022 aus\t<\/a>\n<\/h2>\n\t\t\t<\/div>\n\t\t\t<div class=\"qodef-e-bottom-holder\">\n\t\t\t\t<div class=\"qodef-e-left\">\n\t\t\t\t\t\t<div class=\"qodef-e-read-more\">\n\t\t<a class=\"qodef-shortcode qodef-m  qodef-button qodef-layout--textual  qodef-html--link\" href=\"https:\/\/riversidecamping.lv\/de\/so-sahen-wir-zu-beginn-der-saison-2022-aus\/\" target=\"_self\"  >\t<span class=\"qodef-m-text\">Read More<\/span>\t<span class=\"qodef-m-icon\">\t\t<svg xmlns=\"http:\/\/www.w3.org\/2000\/svg\" width=\"20.053\" height=\"10.039\" viewBox=\"0 0 20.053 10.039\">\t\t\t  <path d=\"M17.474,11.444a.683.683,0,0,0-.005.962l3.179,3.184H3.549a.68.68,0,0,0,0,1.359H20.643l-3.179,3.184a.688.688,0,0,0,.005.962.677.677,0,0,0,.957-.005l4.308-4.34h0a.763.763,0,0,0,.141-.214.649.649,0,0,0,.052-.261.681.681,0,0,0-.193-.476l-4.308-4.34A.666.666,0,0,0,17.474,11.444Z\" transform=\"translate(-2.875 -11.252)\"\/>\t\t<\/svg>\t<\/span><\/a>\t<\/div>\n\t\t\t\t<\/div>\n\t\t\t<\/div>\n\t\t<\/div>\n\t<\/div>\n<\/article>\n\t<\/div>\n\t\t<div class=\"qodef-m-pagination qodef--standard\">\n\t\t<div class=\"qodef-m-pagination-inner\">\n\t\t\t<nav class=\"qodef-m-pagination-items\">\n\t\t\t\t<a class=\"qodef-m-pagination-item qodef--prev qodef--hide\" href=\"#\" data-paged=\"1\">\n\t\t\t\t\t<svg  xmlns=\"http:\/\/www.w3.org\/2000\/svg\" width=\"20.053\" height=\"10.04\" viewBox=\"0 0 20.053 10.04\"><path d=\"M17.474,11.444a.683.683,0,0,0-.005.962l3.179,3.184H3.549a.68.68,0,0,0,0,1.359H20.643l-3.179,3.184a.688.688,0,0,0,.005.962.677.677,0,0,0,.957-.005l4.308-4.34h0a.763.763,0,0,0,.141-.214.649.649,0,0,0,.052-.261.681.681,0,0,0-.193-.476l-4.308-4.34A.666.666,0,0,0,17.474,11.444Z\" transform=\"translate(22.928 21.291) rotate(180)\"\/><\/svg>\t\t\t\t<\/a>\n\t\t\t\t\t\t\t\t\t<a class=\"qodef-m-pagination-item qodef--number qodef--number-1 qodef--active qodef-prev--hidden\" href=\"#\" data-paged=\"1\"> 1<\/a>\n\t\t\t\t\t\t\t\t\t\t\t\t\t\t<a class=\"qodef-m-pagination-item qodef--number qodef--number-2 \" href=\"#\" data-paged=\"2\"> 2<\/a>\n\t\t\t\t\t\t\t\t\t\t\t\t\t<a class=\"qodef-m-pagination-item qodef--next \" href=\"#\" data-paged=\"2\">\n\t\t\t\t\t<svg  xmlns=\"http:\/\/www.w3.org\/2000\/svg\" width=\"20.053\" height=\"10.039\" viewBox=\"0 0 20.053 10.039\"><path d=\"M17.474,11.444a.683.683,0,0,0-.005.962l3.179,3.184H3.549a.68.68,0,0,0,0,1.359H20.643l-3.179,3.184a.688.688,0,0,0,.005.962.677.677,0,0,0,.957-.005l4.308-4.34h0a.763.763,0,0,0,.141-.214.649.649,0,0,0,.052-.261.681.681,0,0,0-.193-.476l-4.308-4.34A.666.666,0,0,0,17.474,11.444Z\" transform=\"translate(-2.875 -11.252)\"><\/path><\/svg>\t\t\t\t<\/a>\n\t\t\t<\/nav>\n\t\t<\/div>\n\t<\/div>\n\t<svg class=\"qodef-m-pagination-spinner\" xmlns=\"http:\/\/www.w3.org\/2000\/svg\" width=\"512\" height=\"512\" viewBox=\"0 0 512 512\"><path d=\"M304 48c0 26.51-21.49 48-48 48s-48-21.49-48-48 21.49-48 48-48 48 21.49 48 48zm-48 368c-26.51 0-48 21.49-48 48s21.49 48 48 48 48-21.49 48-48-21.49-48-48-48zm208-208c-26.51 0-48 21.49-48 48s21.49 48 48 48 48-21.49 48-48-21.49-48-48-48zM96 256c0-26.51-21.49-48-48-48S0 229.49 0 256s21.49 48 48 48 48-21.49 48-48zm12.922 99.078c-26.51 0-48 21.49-48 48s21.49 48 48 48 48-21.49 48-48c0-26.509-21.491-48-48-48zm294.156 0c-26.51 0-48 21.49-48 48s21.49 48 48 48 48-21.49 48-48c0-26.509-21.49-48-48-48zM108.922 60.922c-26.51 0-48 21.49-48 48s21.49 48 48 48 48-21.49 48-48-21.491-48-48-48z\"><\/path><\/svg><\/div>\n\t\t<\/div>\n\t\t\t\t<\/div>\n\t\t\t\t\t<\/div>\n\t\t<\/div>\n\t\t\t\t\t\t\t<\/div>\n\t\t<\/section>\n\t\t\t\t\t\t\t<\/div>\n\t\t","protected":false},"excerpt":{"rendered":"<p>21 Feb Unkategorisiert by mg Selbstgebaute Camper Mit was f\u00fcr einem Camper reist du? Viele passen ihren Alltagsbus f\u00fcr die Reise an, verbessern die Schlafm\u00f6glichkeiten, verstauen Dinge kompakt, um komfortabel reisen zu k\u00f6nnen. &nbsp; &nbsp; Read More 24 Feb Unkategorisiert by mg Sehensw\u00fcrdigkeiten im Zentrum von Riga Zentraler Faden Der 1930 erbaute Zentralmarkt ist der [&hellip;]<\/p>\n","protected":false},"author":1,"featured_media":0,"parent":0,"menu_order":0,"comment_status":"closed","ping_status":"closed","template":"","meta":[],"acf":[],"_links":{"self":[{"href":"https:\/\/riversidecamping.lv\/de\/wp-json\/wp\/v2\/pages\/8607"}],"collection":[{"href":"https:\/\/riversidecamping.lv\/de\/wp-json\/wp\/v2\/pages"}],"about":[{"href":"https:\/\/riversidecamping.lv\/de\/wp-json\/wp\/v2\/types\/page"}],"author":[{"embeddable":true,"href":"https:\/\/riversidecamping.lv\/de\/wp-json\/wp\/v2\/users\/1"}],"replies":[{"embeddable":true,"href":"https:\/\/riversidecamping.lv\/de\/wp-json\/wp\/v2\/comments?post=8607"}],"version-history":[{"count":12,"href":"https:\/\/riversidecamping.lv\/de\/wp-json\/wp\/v2\/pages\/8607\/revisions"}],"predecessor-version":[{"id":10555,"href":"https:\/\/riversidecamping.lv\/de\/wp-json\/wp\/v2\/pages\/8607\/revisions\/10555"}],"wp:attachment":[{"href":"https:\/\/riversidecamping.lv\/de\/wp-json\/wp\/v2\/media?parent=8607"}],"curies":[{"name":"wp","href":"https:\/\/api.w.org\/{rel}","templated":true}]}}